{"id":18168,"date":"2022-04-23T22:16:00","date_gmt":"2022-04-23T20:16:00","guid":{"rendered":"https:\/\/www.theater-marabu.de\/?page_id=18168"},"modified":"2024-11-07T20:41:30","modified_gmt":"2024-11-07T19:41:30","slug":"tickets","status":"publish","type":"page","link":"https:\/\/www.theater-marabu.de\/ls\/tickets\/","title":{"rendered":"Tickets"},"content":{"rendered":"\t\t<div data-elementor-type=\"wp-page\" data-elementor-id=\"18168\" class=\"elementor elementor-18168 elementor-663\" data-elementor-post-type=\"page\">\n\t\t\t\t\t\t<section class=\"elementor-section elementor-top-section elementor-element elementor-element-90c5c62 elementor-section-boxed elementor-section-height-default elementor-section-height-default\" data-id=\"90c5c62\" data-element_type=\"section\" data-e-type=\"section\">\n\t\t\t\t\t\t<div class=\"elementor-container elementor-column-gap-default\">\n\t\t\t\t\t<div class=\"elementor-column elementor-col-100 elementor-top-column elementor-element elementor-element-470044e\" data-id=\"470044e\" data-element_type=\"column\" data-e-type=\"column\">\n\t\t\t<div class=\"elementor-widget-wrap elementor-element-populated\">\n\t\t\t\t\t\t<div class=\"elementor-element elementor-element-fd6b28d elementor-widget elementor-widget-text-editor\" data-id=\"fd6b28d\" data-element_type=\"widget\" data-e-type=\"widget\" data-widget_type=\"text-editor.default\">\n\t\t\t\t<div class=\"elementor-widget-container\">\n\t\t\t\t\t\t\t\t\t<p>Eintrittskarten k\u00f6nnen Sie telefonisch bestellen: <a href=\"tel:+492284339759\">0228 \/ 4339759<\/a> <i>oder\u00a0<\/i> <a href=\"tel:+492284335807\">0228 \/ 4335807<\/a><\/p><p>oder einfach per mail: <a href=\"mailto:mail@theater-marabu.de?subject=Karten vorbestellen\">mail@theater-marabu.de<\/a><\/p><p>Zudem k\u00f6nnen Sie unter <a href=\"\/kalender\/\">Kalender<\/a> oder direkt nach Auswahl eines der St\u00fccke Karten online reservieren.<\/p>\t\t\t\t\t\t\t\t<\/div>\n\t\t\t\t<\/div>\n\t\t\t\t<div class=\"elementor-element elementor-element-a77a2a3 elementor-widget elementor-widget-text-editor\" data-id=\"a77a2a3\" data-element_type=\"widget\" data-e-type=\"widget\" data-widget_type=\"text-editor.default\">\n\t\t\t\t<div class=\"elementor-widget-container\">\n\t\t\t\t\t\t\t\t\t<h2>Eintrittspreise<\/h2>\n<p><strong>Theater f\u00fcr Kinder<\/strong><\/p>\n<p>Das sind St\u00fccke f\u00fcr Kinder bis 12 Jahre.<\/p>\n<p>Kinder: 6 Euro<\/p>\n<p>Erwachsene: 8 Euro<\/p>\n<p>Familien-Karte f\u00fcr 2 Erwachsene und 2 Kinder: 22 Euro<\/p>\n<p>Jedes weitere Familien-Mitglied zahlt 5 Euro.<\/p>\n<p><strong>Theater f\u00fcr Jugendliche<\/strong><\/p>\n<p>Das sind St\u00fccke f\u00fcr junge Menschen ab 12 Jahren.<\/p>\n<p>Jugendliche, Azubis, Studierende: 7,50 Euro<\/p>\n<p>Erwachsene: 11 Euro<\/p>\n<p>Gruppen ab 15 Personen: 6 Euro pro Person<\/p>\n<p>1 Begleit-Person bei der Gruppe hat freien Eintritt<\/p>\n<p><strong>Karten bestellen<\/strong><\/p>\n<p>Bitte nennen Sie uns:<\/p>\n<ul>\n<li>Ihren Namen<\/li>\n<li>Die Zahl von Karten<\/li>\n<li>Das Datum von unserer Vorstellung<\/li>\n<li>Ihre Telefon-Nummer<\/li>\n<\/ul>\n<p>Wir rufen Sie an, wenn eine Vorstellung ausf\u00e4llt.<\/p>\n<p><strong>Bonn-Ausweis<\/strong><\/p><p>Wir haben f\u00fcr Menschen, die wenig Geld haben, auch Karten die weniger kosten. <br><\/p><p>Kinder zahlen dann nur 3 euro und Erwachsene 5 Euro, wenn sie einen Bonn-Ausweis haben.<\/p>\n<p><strong>Frei-Karten f\u00fcr Kinder und Jugendliche<\/strong><\/p>\n<p>Wir haben auch Frei-Karten.<\/p>\n<p>Frei-Karten sind f\u00fcr Familien mit wenig Geld.<\/p>\n<p>Damit die Kinder und Jugendlichen ins Theater gehen k\u00f6nnen.<\/p>\n<p>Wir bezahlen die Frei-Karten mit Spenden.<\/p>\n<p>Schreiben Sie uns bitte eine E-Mail,<\/p>\n<p>wenn Sie Frei-Karten brauchen!<\/p>\n<p><em>((Bitte E-Mail-Adresse angeben))<\/em><\/p>\n<p><strong>Neu: Kultur-Ticket f\u00fcr Studierende<\/strong><\/p>\n<p>Das Kultur-Ticket ist f\u00fcr Studierende an der Uni Bonn.<\/p>\n<p>Sie k\u00f6nnen Karten f\u00fcr <strong>3 Euro<\/strong> bekommen.<\/p>\n<p>Die Karten gibt es an der Abend-Kasse.<\/p>\n<p>Das hei\u00dft:<\/p>\n<p>Man kauft die Karten direkt bei der Vorstellung.<\/p>\n<p>Infos \u00fcber Vorstellungen gibt es in einer neuen App.<\/p>\n<p>Hier k\u00f6nnen Sie die App herunterladen<strong>: <\/strong><a href=\"https:\/\/kulturticket-bonn.de\/start\/\"><strong>Kulturticket-App<\/strong><\/a><\/p>\n<p>Der Eingang und das Theater haben keine Stufen. Sie sind f\u00fcr Leute im Roll-Stuhl geeignet. Die Toiletten im Theater haben keine Stufen. Es gibt Toiletten f\u00fcr Leute im Roll-Stuhl auf dem Brotfabrik-Gel\u00e4nde.<strong><br><\/strong><\/p>\n<p><strong>Wir freuen uns auf Ihren Besuch!<\/strong><\/p>\n<div class=\"info\">&nbsp;<\/div>\t\t\t\t\t\t\t\t<\/div>\n\t\t\t\t<\/div>\n\t\t\t\t\t<\/div>\n\t\t<\/div>\n\t\t\t\t\t<\/div>\n\t\t<\/section>\n\t\t\t\t<\/div>\n\t\t","protected":false},"excerpt":{"rendered":"<p>Eintrittskarten k\u00f6nnen Sie telefonisch bestellen: 0228 \/ 4339759 oder\u00a0 0228 \/ 4335807 oder einfach per mail: mail@theater-marabu.de Zudem k\u00f6nnen Sie unter Kalender oder direkt nach Auswahl eines der St\u00fccke Karten online reservieren. Eintrittspreise Theater f\u00fcr Kinder Das sind St\u00fccke f\u00fcr Kinder bis 12 Jahre. Kinder: 6 Euro Erwachsene: 8 Euro Familien-Karte f\u00fcr 2 Erwachsene und [&hellip;]<\/p>\n","protected":false},"author":2,"featured_media":0,"parent":0,"menu_order":0,"comment_status":"closed","ping_status":"closed","template":"","meta":{"_acf_changed":false,"footnotes":""},"class_list":["post-18168","page","type-page","status-publish","hentry"],"acf":[],"yoast_head":"<!-- This site is optimized with the Yoast SEO plugin v27.3 - https:\/\/yoast.com\/product\/yoast-seo-wordpress\/ -->\n<title>Tickets - Theater Marabu<\/title>\n<meta name=\"robots\" content=\"index, follow, max-snippet:-1, max-image-preview:large, max-video-preview:-1\" \/>\n<link rel=\"canonical\" href=\"https:\/\/www.theater-marabu.de\/ls\/tickets\/\" \/>\n<meta property=\"og:locale\" content=\"de_DE\" \/>\n<meta property=\"og:type\" content=\"article\" \/>\n<meta property=\"og:title\" content=\"Tickets - Theater Marabu\" \/>\n<meta property=\"og:description\" content=\"Eintrittskarten k\u00f6nnen Sie telefonisch bestellen: 0228 \/ 4339759 oder\u00a0 0228 \/ 4335807 oder einfach per mail: mail@theater-marabu.de Zudem k\u00f6nnen Sie unter Kalender oder direkt nach Auswahl eines der St\u00fccke Karten online reservieren. Eintrittspreise Theater f\u00fcr Kinder Das sind St\u00fccke f\u00fcr Kinder bis 12 Jahre. Kinder: 6 Euro Erwachsene: 8 Euro Familien-Karte f\u00fcr 2 Erwachsene und [&hellip;]\" \/>\n<meta property=\"og:url\" content=\"https:\/\/www.theater-marabu.de\/ls\/tickets\/\" \/>\n<meta property=\"og:site_name\" content=\"Theater Marabu\" \/>\n<meta property=\"article:modified_time\" content=\"2024-11-07T19:41:30+00:00\" \/>\n<meta name=\"twitter:card\" content=\"summary_large_image\" \/>\n<meta name=\"twitter:label1\" content=\"Est. reading time\" \/>\n\t<meta name=\"twitter:data1\" content=\"2 minutes\" \/>\n<script type=\"application\/ld+json\" class=\"yoast-schema-graph\">{\"@context\":\"https:\\\/\\\/schema.org\",\"@graph\":[{\"@type\":\"WebPage\",\"@id\":\"https:\\\/\\\/www.theater-marabu.de\\\/ls\\\/tickets\\\/\",\"url\":\"https:\\\/\\\/www.theater-marabu.de\\\/ls\\\/tickets\\\/\",\"name\":\"Tickets - Theater Marabu\",\"isPartOf\":{\"@id\":\"https:\\\/\\\/www.theater-marabu.de\\\/#website\"},\"datePublished\":\"2022-04-23T20:16:00+00:00\",\"dateModified\":\"2024-11-07T19:41:30+00:00\",\"breadcrumb\":{\"@id\":\"https:\\\/\\\/www.theater-marabu.de\\\/ls\\\/tickets\\\/#breadcrumb\"},\"inLanguage\":\"de-LS\",\"potentialAction\":[{\"@type\":\"ReadAction\",\"target\":[\"https:\\\/\\\/www.theater-marabu.de\\\/ls\\\/tickets\\\/\"]}]},{\"@type\":\"BreadcrumbList\",\"@id\":\"https:\\\/\\\/www.theater-marabu.de\\\/ls\\\/tickets\\\/#breadcrumb\",\"itemListElement\":[{\"@type\":\"ListItem\",\"position\":1,\"name\":\"Startseite\",\"item\":\"https:\\\/\\\/www.theater-marabu.de\\\/ls\\\/\"},{\"@type\":\"ListItem\",\"position\":2,\"name\":\"Tickets\"}]},{\"@type\":\"WebSite\",\"@id\":\"https:\\\/\\\/www.theater-marabu.de\\\/#website\",\"url\":\"https:\\\/\\\/www.theater-marabu.de\\\/\",\"name\":\"Theater Marabu\",\"description\":\"\",\"publisher\":{\"@id\":\"https:\\\/\\\/www.theater-marabu.de\\\/#organization\"},\"potentialAction\":[{\"@type\":\"SearchAction\",\"target\":{\"@type\":\"EntryPoint\",\"urlTemplate\":\"https:\\\/\\\/www.theater-marabu.de\\\/?s={search_term_string}\"},\"query-input\":{\"@type\":\"PropertyValueSpecification\",\"valueRequired\":true,\"valueName\":\"search_term_string\"}}],\"inLanguage\":\"de-LS\"},{\"@type\":\"Organization\",\"@id\":\"https:\\\/\\\/www.theater-marabu.de\\\/#organization\",\"name\":\"Theater Marabu\",\"url\":\"https:\\\/\\\/www.theater-marabu.de\\\/\",\"logo\":{\"@type\":\"ImageObject\",\"inLanguage\":\"de-LS\",\"@id\":\"https:\\\/\\\/www.theater-marabu.de\\\/#\\\/schema\\\/logo\\\/image\\\/\",\"url\":\"https:\\\/\\\/www.theater-marabu.de\\\/wp-content\\\/uploads\\\/marabu-logo.svg\",\"contentUrl\":\"https:\\\/\\\/www.theater-marabu.de\\\/wp-content\\\/uploads\\\/marabu-logo.svg\",\"width\":514,\"height\":254,\"caption\":\"Theater Marabu\"},\"image\":{\"@id\":\"https:\\\/\\\/www.theater-marabu.de\\\/#\\\/schema\\\/logo\\\/image\\\/\"}}]}<\/script>\n<!-- \/ Yoast SEO plugin. -->","yoast_head_json":{"title":"Tickets - Theater Marabu","robots":{"index":"index","follow":"follow","max-snippet":"max-snippet:-1","max-image-preview":"max-image-preview:large","max-video-preview":"max-video-preview:-1"},"canonical":"https:\/\/www.theater-marabu.de\/ls\/tickets\/","og_locale":"de_DE","og_type":"article","og_title":"Tickets - Theater Marabu","og_description":"Eintrittskarten k\u00f6nnen Sie telefonisch bestellen: 0228 \/ 4339759 oder\u00a0 0228 \/ 4335807 oder einfach per mail: mail@theater-marabu.de Zudem k\u00f6nnen Sie unter Kalender oder direkt nach Auswahl eines der St\u00fccke Karten online reservieren. Eintrittspreise Theater f\u00fcr Kinder Das sind St\u00fccke f\u00fcr Kinder bis 12 Jahre. Kinder: 6 Euro Erwachsene: 8 Euro Familien-Karte f\u00fcr 2 Erwachsene und [&hellip;]","og_url":"https:\/\/www.theater-marabu.de\/ls\/tickets\/","og_site_name":"Theater Marabu","article_modified_time":"2024-11-07T19:41:30+00:00","twitter_card":"summary_large_image","twitter_misc":{"Est. reading time":"2 minutes"},"schema":{"@context":"https:\/\/schema.org","@graph":[{"@type":"WebPage","@id":"https:\/\/www.theater-marabu.de\/ls\/tickets\/","url":"https:\/\/www.theater-marabu.de\/ls\/tickets\/","name":"Tickets - Theater Marabu","isPartOf":{"@id":"https:\/\/www.theater-marabu.de\/#website"},"datePublished":"2022-04-23T20:16:00+00:00","dateModified":"2024-11-07T19:41:30+00:00","breadcrumb":{"@id":"https:\/\/www.theater-marabu.de\/ls\/tickets\/#breadcrumb"},"inLanguage":"de-LS","potentialAction":[{"@type":"ReadAction","target":["https:\/\/www.theater-marabu.de\/ls\/tickets\/"]}]},{"@type":"BreadcrumbList","@id":"https:\/\/www.theater-marabu.de\/ls\/tickets\/#breadcrumb","itemListElement":[{"@type":"ListItem","position":1,"name":"Startseite","item":"https:\/\/www.theater-marabu.de\/ls\/"},{"@type":"ListItem","position":2,"name":"Tickets"}]},{"@type":"WebSite","@id":"https:\/\/www.theater-marabu.de\/#website","url":"https:\/\/www.theater-marabu.de\/","name":"Theater Marabu","description":"","publisher":{"@id":"https:\/\/www.theater-marabu.de\/#organization"},"potentialAction":[{"@type":"SearchAction","target":{"@type":"EntryPoint","urlTemplate":"https:\/\/www.theater-marabu.de\/?s={search_term_string}"},"query-input":{"@type":"PropertyValueSpecification","valueRequired":true,"valueName":"search_term_string"}}],"inLanguage":"de-LS"},{"@type":"Organization","@id":"https:\/\/www.theater-marabu.de\/#organization","name":"Theater Marabu","url":"https:\/\/www.theater-marabu.de\/","logo":{"@type":"ImageObject","inLanguage":"de-LS","@id":"https:\/\/www.theater-marabu.de\/#\/schema\/logo\/image\/","url":"https:\/\/www.theater-marabu.de\/wp-content\/uploads\/marabu-logo.svg","contentUrl":"https:\/\/www.theater-marabu.de\/wp-content\/uploads\/marabu-logo.svg","width":514,"height":254,"caption":"Theater Marabu"},"image":{"@id":"https:\/\/www.theater-marabu.de\/#\/schema\/logo\/image\/"}}]}},"_links":{"self":[{"href":"https:\/\/www.theater-marabu.de\/ls\/wp-json\/wp\/v2\/pages\/18168","targetHints":{"allow":["GET"]}}],"collection":[{"href":"https:\/\/www.theater-marabu.de\/ls\/wp-json\/wp\/v2\/pages"}],"about":[{"href":"https:\/\/www.theater-marabu.de\/ls\/wp-json\/wp\/v2\/types\/page"}],"author":[{"embeddable":true,"href":"https:\/\/www.theater-marabu.de\/ls\/wp-json\/wp\/v2\/users\/2"}],"replies":[{"embeddable":true,"href":"https:\/\/www.theater-marabu.de\/ls\/wp-json\/wp\/v2\/comments?post=18168"}],"version-history":[{"count":10,"href":"https:\/\/www.theater-marabu.de\/ls\/wp-json\/wp\/v2\/pages\/18168\/revisions"}],"predecessor-version":[{"id":18179,"href":"https:\/\/www.theater-marabu.de\/ls\/wp-json\/wp\/v2\/pages\/18168\/revisions\/18179"}],"wp:attachment":[{"href":"https:\/\/www.theater-marabu.de\/ls\/wp-json\/wp\/v2\/media?parent=18168"}],"curies":[{"name":"wp","href":"https:\/\/api.w.org\/{rel}","templated":true}]}}