{"id":18180,"date":"2022-04-24T18:04:34","date_gmt":"2022-04-24T16:04:34","guid":{"rendered":"https:\/\/www.theater-marabu.de\/?page_id=18180"},"modified":"2026-01-09T14:29:55","modified_gmt":"2026-01-09T13:29:55","slug":"kontakt","status":"publish","type":"page","link":"https:\/\/www.theater-marabu.de\/ls\/kontakt\/","title":{"rendered":"Dein Besuch"},"content":{"rendered":"\t\t<div data-elementor-type=\"wp-page\" data-elementor-id=\"18180\" class=\"elementor elementor-18180 elementor-8961\" data-elementor-post-type=\"page\">\n\t\t\t\t\t\t<section class=\"elementor-section elementor-top-section elementor-element elementor-element-0d48b89 elementor-section-boxed elementor-section-height-default elementor-section-height-default\" data-id=\"0d48b89\" data-element_type=\"section\" data-e-type=\"section\">\n\t\t\t\t\t\t<div class=\"elementor-container elementor-column-gap-default\">\n\t\t\t\t\t<div class=\"elementor-column elementor-col-50 elementor-top-column elementor-element elementor-element-cfa9c7c\" data-id=\"cfa9c7c\" data-element_type=\"column\" data-e-type=\"column\">\n\t\t\t<div class=\"elementor-widget-wrap elementor-element-populated\">\n\t\t\t\t\t\t<div class=\"elementor-element elementor-element-8d345d6 elementor-widget__width-initial elementor-widget elementor-widget-text-editor\" data-id=\"8d345d6\" data-element_type=\"widget\" data-e-type=\"widget\" data-widget_type=\"text-editor.default\">\n\t\t\t\t<div class=\"elementor-widget-container\">\n\t\t\t\t\t\t\t\t\t<p>Theater Marabu<br \/>Kreuzstra\u00dfe 16<br \/>53225 Bonn<\/p><div>Das Theater ist im Hinterhof de Kulturzentrum Brotfabrik Bonn<\/div><div>\u00a0<\/div><p>Mail: <a href=\"mailto:mail@theater-marabu.de\">mail@theater-marabu.de<\/a><br \/>Tel. <a href=\"tel:+492284339759\">0228 \/ 4339759<\/a><br \/>Fax 0228 \/ 4335808<\/p>\t\t\t\t\t\t\t\t<\/div>\n\t\t\t\t<\/div>\n\t\t\t\t\t<\/div>\n\t\t<\/div>\n\t\t\t\t<div class=\"elementor-column elementor-col-50 elementor-top-column elementor-element elementor-element-13744dc\" data-id=\"13744dc\" data-element_type=\"column\" data-e-type=\"column\">\n\t\t\t<div class=\"elementor-widget-wrap elementor-element-populated\">\n\t\t\t\t\t\t<div class=\"elementor-element elementor-element-3616a73 elementor-widget elementor-widget-google_maps\" data-id=\"3616a73\" data-element_type=\"widget\" data-e-type=\"widget\" data-widget_type=\"google_maps.default\">\n\t\t\t\t<div class=\"elementor-widget-container\">\n\t\t\t\t\t\t\t<div class=\"elementor-custom-embed\">\n\t\t\t<iframe loading=\"lazy\"\n\t\t\t\t\tsrc=\"https:\/\/maps.google.com\/maps?q=Kreuzstra%C3%9Fe%2016%2C%2053225%20Bonn&#038;t=m&#038;z=15&#038;output=embed&#038;iwloc=near\"\n\t\t\t\t\ttitle=\"Kreuzstra\u00dfe 16, 53225 Bonn\"\n\t\t\t\t\taria-label=\"Kreuzstra\u00dfe 16, 53225 Bonn\"\n\t\t\t><\/iframe>\n\t\t<\/div>\n\t\t\t\t\t\t<\/div>\n\t\t\t\t<\/div>\n\t\t\t\t\t<\/div>\n\t\t<\/div>\n\t\t\t\t\t<\/div>\n\t\t<\/section>\n\t\t\t\t<section class=\"elementor-section elementor-top-section elementor-element elementor-element-4ae2793 elementor-section-boxed elementor-section-height-default elementor-section-height-default\" data-id=\"4ae2793\" data-element_type=\"section\" data-e-type=\"section\">\n\t\t\t\t\t\t<div class=\"elementor-container elementor-column-gap-default\">\n\t\t\t\t\t<div class=\"elementor-column elementor-col-100 elementor-top-column elementor-element elementor-element-b2d0ec9\" data-id=\"b2d0ec9\" data-element_type=\"column\" data-e-type=\"column\">\n\t\t\t<div class=\"elementor-widget-wrap elementor-element-populated\">\n\t\t\t\t\t\t<div class=\"elementor-element elementor-element-e800ce2 elementor-widget elementor-widget-text-editor\" data-id=\"e800ce2\" data-element_type=\"widget\" data-e-type=\"widget\" data-widget_type=\"text-editor.default\">\n\t\t\t\t<div class=\"elementor-widget-container\">\n\t\t\t\t\t\t\t\t\t<p><strong>So kommen Sie zu uns <\/strong><strong>vom Haupt-Bahnhof Bonn:<\/strong><\/p><p><strong>\u00a0<\/strong><\/p><p><strong>Stra\u00dfen-Bahn Linie 62 <\/strong><strong>Richtung Ramersdorf\/Oberkassel, <\/strong><strong>Halte-Stelle: Obere Wilhelmstra\u00dfe<\/strong><\/p><p>Gehen Sie ein St\u00fcck zur\u00fcck.\u00a0 Also gegen die Fahrt-Richtung von der Stra\u00dfen-Bahn.<\/p><p>Sie kommen zu einem kleinen Platz: Doktor-Weis-Platz.<\/p><p>Rechts ist ein Eis-Caf\u00e9. Rechts gehen, \u00fcber den Platz.<\/p><p>\u00dcberqueren Sie die Friedrich-Breuer-Stra\u00dfe an der Fu\u00dfg\u00e4nger-Ampel.<\/p><p>Geradeaus in die <strong>Kreuzstra\u00dfe<\/strong>.<\/p><p>Nach etwa 100 Metern:<\/p><p>Rechts gehen in den Hof von der Brotfabrik.<\/p><p>Ganz nach hinten durch beide Innen-H\u00f6fe.<\/p><p>Dort ist die Theater-Werkstatt.<\/p><p>Sie brauchen etwa <strong>30 Minuten<\/strong> vom Haupt-Bahnhof bis zu uns.<\/p><p>\u00a0<\/p><p>Oder:<\/p><p><strong>Stra\u00dfen-Bahn Linie 66 <\/strong><strong>Richtung Siegburg, <\/strong><strong>Halte-Stelle: Konrad-Adenauer-Platz<\/strong><\/p><p>\u00dcberqueren Sie die Siegburger Stra\u00dfe.<\/p><p>Gehen Sie die Friedrich-Breuer-Stra\u00dfe entlang. Neben den Gleisen von der Linie 62.<\/p><p>Bis zu einem kleinen Platz: Doktor-Weis-Platz.<\/p><p>Gehen Sie links in <strong>die Kreuzstra\u00dfe<\/strong>.<\/p><p>Nach etwa 100 Metern:<\/p><p>Rechts gehen in den Hof von der Brotfabrik.<\/p><p>Gehen Sie nach hinten durch beide Innen-H\u00f6fe.<\/p><p>Dort ist die Theater-Werkstatt.<\/p><p>Sie brauchen etwa 30 Minuten vom Haupt-Bahnhof bis zu uns.<\/p><p>\u00a0<\/p><p><strong>So kommen Sie zu uns <\/strong><strong>vom Bahnhof Beuel:<\/strong><\/p><p><strong>\u00a0<\/strong>Gehen Sie vor dem Bahnhof rechts. An den Gleisen von der Stra\u00dfen-Bahn entlang.<\/p><p>Dann links in die Obere Wilhelmstra\u00dfe.<\/p><p>Gehen Sie bis zu einem kleinen Platz: Doktor-Weis-Platz. Rechts ist ein Eis-Caf\u00e9.<\/p><p>\u00dcberqueren Sie den Platz.<\/p><p>\u00dcberqueren Sie an der Ampel die Friedrich-Breuer-Stra\u00dfe.<\/p><p>Geradeaus weiter in die <strong>Kreuzstra\u00dfe<\/strong>.<\/p><p>Nach etwa 100 Metern:<\/p><p>Rechts gehen in den Hof von der Brotfabrik.<\/p><p>Ganz nach hinten durch beide Innen-H\u00f6fe.<\/p><p>Dort ist die Theater-Werkstatt.<\/p><p>Sie brauchen etwa 10 Minuten vom Bahnhof Beuel bis zu uns.<\/p><p>\u00a0<\/p><p><strong>Bus-Linien<\/strong>:<\/p><p>529 \/ 537 \/ 607 \/ 608<\/p><p>Halte-Stelle: <strong>Doktor-Weis-Platz <\/strong><\/p><p>\u00a0<\/p><p><strong>So kommen Sie mit dem Auto zu uns aus Richtung K\u00f6ln:<\/strong><\/p><p><strong>A 59 <\/strong>bis Abfahrt<strong> Beuel<\/strong><\/p><p>Links auf die St. Augustiner Stra\u00dfe. Der Stra\u00dfe folgen.<\/p><p>In Beuel nach der gro\u00dfen Kreuzung an der 2. Ampel links.<\/p><p>Ganz links herum in die Gegen-Richtung\u00a0 fahren.<\/p><ol><li>Stra\u00dfe rechts: Combahnstra\u00dfe.<\/li><li>Stra\u00dfe rechts: <strong>Kreuzstra\u00dfe<\/strong>.<\/li><\/ol><p>\u00a0<\/p><p><strong>So kommen Sie zu uns mit dem Auto aus Richtung Bonn:<\/strong><\/p><p><strong>A 565<\/strong> Abfahrt <strong>Bonn-Beuel<\/strong><\/p><p>Rechts auf die Niederkasseler Stra\u00dfe. Bis zur gro\u00dfen Kreuzung:<\/p><p>Rechts in die St. Augustiner Stra\u00dfe.<\/p><p>Nach der gro\u00dfen Kreuzung an der 2. Ampel links.<\/p><p>Ganz links herum in die Gegen-Richtung\u00a0 fahren.<\/p><ol><li>Stra\u00dfe rechts: Combahnstra\u00dfe.<\/li><li>Stra\u00dfe rechts: <strong>Kreuzstra\u00dfe<\/strong>.<\/li><\/ol><p>\u00a0<\/p><p><strong>Parken:<\/strong><\/p><p>Wir haben nur wenige Park-Pl\u00e4tze. Sie k\u00f6nnen in den Stra\u00dfen in der N\u00e4he parken.<\/p><p>Es gibt auch ein Park-Haus: am Rat-Haus Beuel. Das Park-Haus ist etwa 200 Meter weit weg.<\/p>\t\t\t\t\t\t\t\t<\/div>\n\t\t\t\t<\/div>\n\t\t\t\t\t<\/div>\n\t\t<\/div>\n\t\t\t\t\t<\/div>\n\t\t<\/section>\n\t\t\t\t<section class=\"elementor-section elementor-top-section elementor-element elementor-element-5a78b46 elementor-section-boxed elementor-section-height-default elementor-section-height-default\" data-id=\"5a78b46\" data-element_type=\"section\" data-e-type=\"section\">\n\t\t\t\t\t\t<div class=\"elementor-container elementor-column-gap-default\">\n\t\t\t\t\t<div class=\"elementor-column elementor-col-100 elementor-top-column elementor-element elementor-element-edda212\" data-id=\"edda212\" data-element_type=\"column\" data-e-type=\"column\">\n\t\t\t<div class=\"elementor-widget-wrap\">\n\t\t\t\t\t\t\t<\/div>\n\t\t<\/div>\n\t\t\t\t\t<\/div>\n\t\t<\/section>\n\t\t\t\t<\/div>\n\t\t","protected":false},"excerpt":{"rendered":"<p>Theater MarabuKreuzstra\u00dfe 1653225 Bonn Das Theater ist im Hinterhof de Kulturzentrum Brotfabrik Bonn\u00a0 Mail: mail@theater-marabu.deTel. 0228 \/ 4339759Fax 0228 \/ 4335808 So kommen Sie zu uns vom Haupt-Bahnhof Bonn: \u00a0 Stra\u00dfen-Bahn Linie 62 Richtung Ramersdorf\/Oberkassel, Halte-Stelle: Obere Wilhelmstra\u00dfe Gehen Sie ein St\u00fcck zur\u00fcck.\u00a0 Also gegen die Fahrt-Richtung von der Stra\u00dfen-Bahn. Sie kommen zu einem kleinen [&hellip;]<\/p>\n","protected":false},"author":2,"featured_media":0,"parent":0,"menu_order":0,"comment_status":"closed","ping_status":"closed","template":"","meta":{"_acf_changed":false,"footnotes":""},"class_list":["post-18180","page","type-page","status-publish","hentry"],"acf":[],"yoast_head":"<!-- This site is optimized with the Yoast SEO plugin v27.3 - https:\/\/yoast.com\/product\/yoast-seo-wordpress\/ -->\n<title>Dein Besuch - Theater Marabu<\/title>\n<meta name=\"robots\" content=\"index, follow, max-snippet:-1, max-image-preview:large, max-video-preview:-1\" \/>\n<link rel=\"canonical\" href=\"https:\/\/www.theater-marabu.de\/ls\/kontakt\/\" \/>\n<meta property=\"og:locale\" content=\"de_DE\" \/>\n<meta property=\"og:type\" content=\"article\" \/>\n<meta property=\"og:title\" content=\"Dein Besuch - Theater Marabu\" \/>\n<meta property=\"og:description\" content=\"Theater MarabuKreuzstra\u00dfe 1653225 Bonn Das Theater ist im Hinterhof de Kulturzentrum Brotfabrik Bonn\u00a0 Mail: mail@theater-marabu.deTel. 0228 \/ 4339759Fax 0228 \/ 4335808 So kommen Sie zu uns vom Haupt-Bahnhof Bonn: \u00a0 Stra\u00dfen-Bahn Linie 62 Richtung Ramersdorf\/Oberkassel, Halte-Stelle: Obere Wilhelmstra\u00dfe Gehen Sie ein St\u00fcck zur\u00fcck.\u00a0 Also gegen die Fahrt-Richtung von der Stra\u00dfen-Bahn. Sie kommen zu einem kleinen [&hellip;]\" \/>\n<meta property=\"og:url\" content=\"https:\/\/www.theater-marabu.de\/ls\/kontakt\/\" \/>\n<meta property=\"og:site_name\" content=\"Theater Marabu\" \/>\n<meta property=\"article:modified_time\" content=\"2026-01-09T13:29:55+00:00\" \/>\n<meta name=\"twitter:card\" content=\"summary_large_image\" \/>\n<meta name=\"twitter:label1\" content=\"Est. reading time\" \/>\n\t<meta name=\"twitter:data1\" content=\"3 minutes\" \/>\n<script type=\"application\/ld+json\" class=\"yoast-schema-graph\">{\"@context\":\"https:\\\/\\\/schema.org\",\"@graph\":[{\"@type\":\"WebPage\",\"@id\":\"https:\\\/\\\/www.theater-marabu.de\\\/ls\\\/kontakt\\\/\",\"url\":\"https:\\\/\\\/www.theater-marabu.de\\\/ls\\\/kontakt\\\/\",\"name\":\"Dein Besuch - Theater Marabu\",\"isPartOf\":{\"@id\":\"https:\\\/\\\/www.theater-marabu.de\\\/#website\"},\"datePublished\":\"2022-04-24T16:04:34+00:00\",\"dateModified\":\"2026-01-09T13:29:55+00:00\",\"breadcrumb\":{\"@id\":\"https:\\\/\\\/www.theater-marabu.de\\\/ls\\\/kontakt\\\/#breadcrumb\"},\"inLanguage\":\"de-LS\",\"potentialAction\":[{\"@type\":\"ReadAction\",\"target\":[\"https:\\\/\\\/www.theater-marabu.de\\\/ls\\\/kontakt\\\/\"]}]},{\"@type\":\"BreadcrumbList\",\"@id\":\"https:\\\/\\\/www.theater-marabu.de\\\/ls\\\/kontakt\\\/#breadcrumb\",\"itemListElement\":[{\"@type\":\"ListItem\",\"position\":1,\"name\":\"Startseite\",\"item\":\"https:\\\/\\\/www.theater-marabu.de\\\/ls\\\/\"},{\"@type\":\"ListItem\",\"position\":2,\"name\":\"Dein Besuch\"}]},{\"@type\":\"WebSite\",\"@id\":\"https:\\\/\\\/www.theater-marabu.de\\\/#website\",\"url\":\"https:\\\/\\\/www.theater-marabu.de\\\/\",\"name\":\"Theater Marabu\",\"description\":\"\",\"publisher\":{\"@id\":\"https:\\\/\\\/www.theater-marabu.de\\\/#organization\"},\"potentialAction\":[{\"@type\":\"SearchAction\",\"target\":{\"@type\":\"EntryPoint\",\"urlTemplate\":\"https:\\\/\\\/www.theater-marabu.de\\\/?s={search_term_string}\"},\"query-input\":{\"@type\":\"PropertyValueSpecification\",\"valueRequired\":true,\"valueName\":\"search_term_string\"}}],\"inLanguage\":\"de-LS\"},{\"@type\":\"Organization\",\"@id\":\"https:\\\/\\\/www.theater-marabu.de\\\/#organization\",\"name\":\"Theater Marabu\",\"url\":\"https:\\\/\\\/www.theater-marabu.de\\\/\",\"logo\":{\"@type\":\"ImageObject\",\"inLanguage\":\"de-LS\",\"@id\":\"https:\\\/\\\/www.theater-marabu.de\\\/#\\\/schema\\\/logo\\\/image\\\/\",\"url\":\"https:\\\/\\\/www.theater-marabu.de\\\/wp-content\\\/uploads\\\/marabu-logo.svg\",\"contentUrl\":\"https:\\\/\\\/www.theater-marabu.de\\\/wp-content\\\/uploads\\\/marabu-logo.svg\",\"width\":514,\"height\":254,\"caption\":\"Theater Marabu\"},\"image\":{\"@id\":\"https:\\\/\\\/www.theater-marabu.de\\\/#\\\/schema\\\/logo\\\/image\\\/\"}}]}<\/script>\n<!-- \/ Yoast SEO plugin. -->","yoast_head_json":{"title":"Dein Besuch - Theater Marabu","robots":{"index":"index","follow":"follow","max-snippet":"max-snippet:-1","max-image-preview":"max-image-preview:large","max-video-preview":"max-video-preview:-1"},"canonical":"https:\/\/www.theater-marabu.de\/ls\/kontakt\/","og_locale":"de_DE","og_type":"article","og_title":"Dein Besuch - Theater Marabu","og_description":"Theater MarabuKreuzstra\u00dfe 1653225 Bonn Das Theater ist im Hinterhof de Kulturzentrum Brotfabrik Bonn\u00a0 Mail: mail@theater-marabu.deTel. 0228 \/ 4339759Fax 0228 \/ 4335808 So kommen Sie zu uns vom Haupt-Bahnhof Bonn: \u00a0 Stra\u00dfen-Bahn Linie 62 Richtung Ramersdorf\/Oberkassel, Halte-Stelle: Obere Wilhelmstra\u00dfe Gehen Sie ein St\u00fcck zur\u00fcck.\u00a0 Also gegen die Fahrt-Richtung von der Stra\u00dfen-Bahn. Sie kommen zu einem kleinen [&hellip;]","og_url":"https:\/\/www.theater-marabu.de\/ls\/kontakt\/","og_site_name":"Theater Marabu","article_modified_time":"2026-01-09T13:29:55+00:00","twitter_card":"summary_large_image","twitter_misc":{"Est. reading time":"3 minutes"},"schema":{"@context":"https:\/\/schema.org","@graph":[{"@type":"WebPage","@id":"https:\/\/www.theater-marabu.de\/ls\/kontakt\/","url":"https:\/\/www.theater-marabu.de\/ls\/kontakt\/","name":"Dein Besuch - Theater Marabu","isPartOf":{"@id":"https:\/\/www.theater-marabu.de\/#website"},"datePublished":"2022-04-24T16:04:34+00:00","dateModified":"2026-01-09T13:29:55+00:00","breadcrumb":{"@id":"https:\/\/www.theater-marabu.de\/ls\/kontakt\/#breadcrumb"},"inLanguage":"de-LS","potentialAction":[{"@type":"ReadAction","target":["https:\/\/www.theater-marabu.de\/ls\/kontakt\/"]}]},{"@type":"BreadcrumbList","@id":"https:\/\/www.theater-marabu.de\/ls\/kontakt\/#breadcrumb","itemListElement":[{"@type":"ListItem","position":1,"name":"Startseite","item":"https:\/\/www.theater-marabu.de\/ls\/"},{"@type":"ListItem","position":2,"name":"Dein Besuch"}]},{"@type":"WebSite","@id":"https:\/\/www.theater-marabu.de\/#website","url":"https:\/\/www.theater-marabu.de\/","name":"Theater Marabu","description":"","publisher":{"@id":"https:\/\/www.theater-marabu.de\/#organization"},"potentialAction":[{"@type":"SearchAction","target":{"@type":"EntryPoint","urlTemplate":"https:\/\/www.theater-marabu.de\/?s={search_term_string}"},"query-input":{"@type":"PropertyValueSpecification","valueRequired":true,"valueName":"search_term_string"}}],"inLanguage":"de-LS"},{"@type":"Organization","@id":"https:\/\/www.theater-marabu.de\/#organization","name":"Theater Marabu","url":"https:\/\/www.theater-marabu.de\/","logo":{"@type":"ImageObject","inLanguage":"de-LS","@id":"https:\/\/www.theater-marabu.de\/#\/schema\/logo\/image\/","url":"https:\/\/www.theater-marabu.de\/wp-content\/uploads\/marabu-logo.svg","contentUrl":"https:\/\/www.theater-marabu.de\/wp-content\/uploads\/marabu-logo.svg","width":514,"height":254,"caption":"Theater Marabu"},"image":{"@id":"https:\/\/www.theater-marabu.de\/#\/schema\/logo\/image\/"}}]}},"_links":{"self":[{"href":"https:\/\/www.theater-marabu.de\/ls\/wp-json\/wp\/v2\/pages\/18180","targetHints":{"allow":["GET"]}}],"collection":[{"href":"https:\/\/www.theater-marabu.de\/ls\/wp-json\/wp\/v2\/pages"}],"about":[{"href":"https:\/\/www.theater-marabu.de\/ls\/wp-json\/wp\/v2\/types\/page"}],"author":[{"embeddable":true,"href":"https:\/\/www.theater-marabu.de\/ls\/wp-json\/wp\/v2\/users\/2"}],"replies":[{"embeddable":true,"href":"https:\/\/www.theater-marabu.de\/ls\/wp-json\/wp\/v2\/comments?post=18180"}],"version-history":[{"count":20,"href":"https:\/\/www.theater-marabu.de\/ls\/wp-json\/wp\/v2\/pages\/18180\/revisions"}],"predecessor-version":[{"id":20832,"href":"https:\/\/www.theater-marabu.de\/ls\/wp-json\/wp\/v2\/pages\/18180\/revisions\/20832"}],"wp:attachment":[{"href":"https:\/\/www.theater-marabu.de\/ls\/wp-json\/wp\/v2\/media?parent=18180"}],"curies":[{"name":"wp","href":"https:\/\/api.w.org\/{rel}","templated":true}]}}